{"id":3,"date":"2019-08-05T20:43:42","date_gmt":"2019-08-05T18:43:42","guid":{"rendered":"http:\/\/www.open2be.com\/?page_id=3"},"modified":"2020-05-28T15:25:14","modified_gmt":"2020-05-28T13:25:14","slug":"mentions-legales","status":"publish","type":"page","link":"https:\/\/dev.open2be.com\/en\/mentions-legales\/","title":{"rendered":"Legal Notice"},"content":{"rendered":"<section class=\"wpb-content-wrapper\"><div data-vc-full-width=\"true\" data-vc-full-width-init=\"false\" class=\"vc_row wpb_row vc_row-fluid vc_custom_1590672140103 vc_row-has-fill\"><div class=\"wpb_column vc_column_container vc_col-sm-12\"><div class=\"vc_column-inner\"><div class=\"wpb_wrapper\">\n\t<div class=\"wpb_text_column wpb_content_element  vc_custom_1590672181228\" >\n\t\t<div class=\"wpb_wrapper\">\n\t\t\t<h1 style=\"text-align: center;\"><span style=\"color: #ffffff;\">Mentions L\u00e9gales<\/span><\/h1>\n\n\t\t<\/div>\n\t<\/div>\n<\/div><\/div><\/div><\/div><div class=\"vc_row-full-width vc_clearfix\"><\/div><div class=\"vc_row wpb_row vc_row-fluid vc_custom_1590672170717\"><div class=\"wpb_column vc_column_container vc_col-sm-12\"><div class=\"vc_column-inner\"><div class=\"wpb_wrapper\">\n\t<div class=\"wpb_text_column wpb_content_element  wpb_animate_when_almost_visible wpb_fadeIn fadeIn\" >\n\t\t<div class=\"wpb_wrapper\">\n\t\t\t<h2>1. Pr\u00e9sentation du site :<\/h2>\n<p>Conform\u00e9ment aux dispositions des articles 6-III et 19 de la Loi n\u00b0 2004-575 du 21 juin 2004 pour la Confiance dans l&rsquo;\u00e9conomie num\u00e9rique, dite L.C.E.N., nous portons \u00e0 la connaissance des utilisateurs et visiteurs du site : <a href=\"http:\/\/www.open2be.com\/\">www.open2be.com<\/a> les informations suivantes :<\/p>\n<h3>Informations l\u00e9gales :<\/h3>\n<p>Statut du propri\u00e9taire : <b>soci\u00e9t\u00e9<\/b><br \/>\nPr\u00e9fixe :\u00a0<strong>SASU<\/strong><br \/>\nNom de la Soci\u00e9t\u00e9 :<strong>\u00a0OPEN2BE<\/strong><br \/>\nAdresse :\u00a0<strong>68 Bis Avenue Jean Jaur\u00e8s 33150 Cenon<\/strong><br \/>\nT\u00e9l\u00a0 :\u00a0<strong>05.35.54.71.12<\/strong><br \/>\nAu Capital de :<strong>\u00a01000 \u20ac<\/strong><br \/>\nSIRET :\u00a0\u00a0<strong>82002438800010\u00a0\u00a0\u00a0<\/strong>R.C.S. :<strong>\u00a0BORDEAUX<\/strong><br \/>\nNum\u00e9ro TVA intracommunautaire :\u00a0<strong>aucun<\/strong><br \/>\nAdresse de courrier \u00e9lectronique :\u00a0<strong>pascal.marie@open2be.com,lucile.barrere@open2be.fr<\/strong><\/p>\n<p>Le Cr\u00e9ateur du site est :\u00a0<strong>Open2be.com<\/strong><br \/>\nLe Responsable de la\u00a0 publication est :\u00a0<strong>Pascal Marie<\/strong><br \/>\nContactez le responsable de la publication :\u00a0<strong>pascal.marie@open2be.com,lucile.barrere@open2be.fr<\/strong><br \/>\nLe responsable de la publication est une\u00a0<strong>personne physique<\/strong><\/p>\n<p>Le Webmaster est\u00a0 :\u00a0<strong>Pascal Marie<\/strong><br \/>\nContactez le Webmaster :\u00a0<strong><a href=\"mailto:pascal.marie@open2be.com,lucile.barrere@open2be.fr?subject=Contact \u00ef\u00bf\u00bd partir des mentions l\u00ef\u00bf\u00bdgales via le site www.open2be.com\">pascal.marie@open2be.com,lucile.barrere@open2be.fr<\/a><\/strong><br \/>\nL\u2019h\u00e9bergeur du site est : <strong>OVH 2 rue Kellermann 59100 Roubaix\u00a0<\/strong><\/p>\n\n\t\t<\/div>\n\t<\/div>\n\n\t<div class=\"wpb_text_column wpb_content_element  wpb_animate_when_almost_visible wpb_fadeIn fadeIn\" >\n\t\t<div class=\"wpb_wrapper\">\n\t\t\t<h2>2. Description des services fournis :<\/h2>\n<p>Le site\u00a0<a href=\"http:\/\/www.open2be.com\/\" target=\"_blank\" rel=\"noopener noreferrer\">www.open2be.com<\/a>\u00a0a pour objet de fournir une information concernant l\u2019ensemble des activit\u00e9s de la soci\u00e9t\u00e9.<br \/>\nLe propri\u00e9taire du site s\u2019efforce de fournir sur le site <a href=\"http:\/\/www.open2be.com\/\" target=\"_blank\" rel=\"noopener noreferrer\">www.open2be.com<\/a>\u00a0des informations aussi pr\u00e9cises que possible. Toutefois, il ne pourra \u00eatre tenue responsable des omissions, des inexactitudes et des carences dans la mise \u00e0 jour, qu\u2019elles soient de son fait ou du fait des tiers partenaires qui lui fournissent ces informations.<br \/>\nTous les informations propos\u00e9es sur le site\u00a0<a href=\"http:\/\/www.open2be.com\/\" target=\"_blank\" rel=\"noopener noreferrer\">www.open2be.com<\/a>\u00a0sont donn\u00e9es \u00e0 titre indicatif, sont non exhaustives, et sont susceptibles d\u2019\u00e9voluer. Elles sont donn\u00e9es sous r\u00e9serve de modifications ayant \u00e9t\u00e9 apport\u00e9es depuis leur mise en ligne.<\/p>\n\n\t\t<\/div>\n\t<\/div>\n\n\t<div class=\"wpb_text_column wpb_content_element  wpb_animate_when_almost_visible wpb_fadeIn fadeIn\" >\n\t\t<div class=\"wpb_wrapper\">\n\t\t\t<h2>3. Propri\u00e9t\u00e9 intellectuelle et contrefa\u00e7ons :<\/h2>\n<p>Le propri\u00e9taire du site est propri\u00e9taire des droits de propri\u00e9t\u00e9 intellectuelle ou d\u00e9tient les droits d\u2019usage sur tous les \u00e9l\u00e9ments accessibles sur le site, notamment les textes, images, graphismes, logo, ic\u00f4nes, sons, logiciels\u2026<br \/>\nToute reproduction, repr\u00e9sentation, modification, publication, adaptation totale ou partielle des \u00e9l\u00e9ments du site, quel que soit le moyen ou le proc\u00e9d\u00e9 utilis\u00e9, est interdite, sauf autorisation \u00e9crite pr\u00e9alable \u00e0 l&#8217;email :\u00a0<a href=\"mailto:pascal.marie@open2be.com?subject=Contact \u00ef\u00bf\u00bd partir des mentions l\u00ef\u00bf\u00bdgales via le site www.open2be.com\"><strong>pascal.marie@open2be.com<\/strong><\/a>\u00a0.<br \/>\nToute exploitation non autoris\u00e9e du site ou de l\u2019un quelconque de ces \u00e9l\u00e9ments qu\u2019il contient sera consid\u00e9r\u00e9e comme constitutive d\u2019une contrefa\u00e7on et poursuivie conform\u00e9ment aux dispositions des articles L.335-2 et suivants du Code de Propri\u00e9t\u00e9 Intellectuelle.<\/p>\n\n\t\t<\/div>\n\t<\/div>\n\n\t<div class=\"wpb_text_column wpb_content_element  wpb_animate_when_almost_visible wpb_fadeIn fadeIn\" >\n\t\t<div class=\"wpb_wrapper\">\n\t\t\t<h2>4. Liens hypertextes et cookies :<\/h2>\n<p>Le site\u00a0<a href=\"http:\/\/www.open2be.com\/\" target=\"_blank\" rel=\"noopener noreferrer\">www.open2be.com<\/a> contient un certain nombre de liens hypertextes vers d\u2019autres sites (partenaires, informations \u2026) mis en place avec l\u2019autorisation de le propri\u00e9taire du site . Cependant, le propri\u00e9taire du site n\u2019a pas la possibilit\u00e9 de v\u00e9rifier le contenu des sites ainsi visit\u00e9s\u00a0 et d\u00e9cline donc toute responsabilit\u00e9 de ce fait quand aux risques \u00e9ventuels de contenus illicites.<\/p>\n<p>L\u2019utilisateur est inform\u00e9 que lors de ses visites sur le site\u00a0<a href=\"http:\/\/www.open2be.com\/\" target=\"_blank\" rel=\"noopener noreferrer\">www.open2be.com<\/a>, un ou des cookies sont susceptible de s\u2019installer automatiquement sur son ordinateur. Un cookie est un fichier de petite taille, qui ne permet pas l\u2019identification de l\u2019utilisateur, mais qui enregistre des informations relatives \u00e0 la navigation d\u2019un ordinateur sur un site. Les donn\u00e9es ainsi obtenues visent \u00e0 faciliter la navigation ult\u00e9rieure sur le site, et ont \u00e9galement vocation \u00e0 permettre diverses mesures de fr\u00e9quentation.<\/p>\n<p>Le param\u00e9trage du logiciel de navigation permet d\u2019informer de la pr\u00e9sence de cookie et \u00e9ventuellement, de refuser de la mani\u00e8re d\u00e9crite \u00e0 l\u2019adresse suivante : www.cnil.fr<br \/>\nLe refus d\u2019installation d\u2019un cookie peut entra\u00eener l\u2019impossibilit\u00e9 d\u2019acc\u00e9der \u00e0 certains services. L\u2019utilisateur peut toutefois configurer son ordinateur de la mani\u00e8re suivante, pour refuser l\u2019installation des cookies :<br \/>\nSous Internet Explorer : onglet outil \/ options internet. Cliquez sur Confidentialit\u00e9 et choisissez Bloquer tous les cookies. Validez sur Ok.<br \/>\nSous Netscape : onglet \u00e9dition \/ pr\u00e9f\u00e9rences. Cliquez sur Avanc\u00e9es et choisissez D\u00e9sactiver les cookies. Validez sur Ok.<\/p>\n\n\t\t<\/div>\n\t<\/div>\n\n\t<div class=\"wpb_text_column wpb_content_element  wpb_animate_when_almost_visible wpb_fadeIn fadeIn\" >\n\t\t<div class=\"wpb_wrapper\">\n\t\t\t<h2>5. Protection des biens et des personnes &#8211; gestion des donn\u00e9es personnelles :<\/h2>\n<p><strong>5. Protection des biens et des personnes &#8211; gestion des donn\u00e9es personnelles :<\/strong><\/p>\n<p>Utilisateur : Internaute se connectant, utilisant le site susnomm\u00e9 :\u00a0<a href=\"http:\/\/www.open2be.com\/\" target=\"_blank\" rel=\"noopener noreferrer\">www.open2be.com<\/a><br \/>\nEn France, les donn\u00e9es personnelles sont notamment prot\u00e9g\u00e9es par la loi n\u00b0 78-87 du 6 janvier 1978, la loi n\u00b0 2004-801 du 6 ao\u00fbt 2004, l&rsquo;article L. 226-13 du Code p\u00e9nal et la Directive Europ\u00e9enne du 24 octobre 1995.<\/p>\n<p>Sur le site\u00a0<a href=\"http:\/\/www.open2be.com\/\" target=\"_blank\" rel=\"noopener noreferrer\">www.open2be.com<\/a>, le propri\u00e9taire du site ne collecte des informations personnelles relatives \u00e0 l&rsquo;utilisateur que pour le besoin de certains services propos\u00e9s par le site <a href=\"http:\/\/www.open2be.com\/\" target=\"_blank\" rel=\"noopener noreferrer\">www.open2be.com<\/a>. L&rsquo;utilisateur fournit ces informations en toute connaissance de cause, notamment lorsqu&rsquo;il proc\u00e8de par lui-m\u00eame \u00e0 leur saisie. Il est alors pr\u00e9cis\u00e9 \u00e0 l&rsquo;utilisateur du site\u00a0<a href=\"http:\/\/www.open2be.com\/\" target=\"_blank\" rel=\"noopener noreferrer\">www.open2be.com<\/a>\u00a0l\u2019obligation ou non de fournir ces informations.<br \/>\nConform\u00e9ment aux dispositions des articles 38 et suivants de la loi 78-17 du 6 janvier 1978 relative \u00e0 l\u2019informatique, aux fichiers et aux libert\u00e9s, tout utilisateur dispose d\u2019un droit d\u2019acc\u00e8s, de rectification, de suppression et d\u2019opposition aux donn\u00e9es personnelles le concernant. Pour l\u2019exercer, adressez votre demande \u00e0\u00a0<a href=\"http:\/\/www.open2be.com\/\" target=\"_blank\" rel=\"noopener noreferrer\">www.open2be.com<\/a>\u00a0par email : email du webmaster ou\u00a0 en effectuant sa demande \u00e9crite et sign\u00e9e, accompagn\u00e9e d\u2019une copie du titre d\u2019identit\u00e9 avec signature du titulaire de la pi\u00e8ce, en pr\u00e9cisant l\u2019adresse \u00e0 laquelle la r\u00e9ponse doit \u00eatre envoy\u00e9e.<\/p>\n<p>Aucune information personnelle de l&rsquo;utilisateur du site\u00a0<a href=\"http:\/\/www.open2be.com\/\" target=\"_blank\" rel=\"noopener noreferrer\">www.open2be.com<\/a>\u00a0n&rsquo;est publi\u00e9e \u00e0 l&rsquo;insu de l&rsquo;utilisateur, \u00e9chang\u00e9e, transf\u00e9r\u00e9e, c\u00e9d\u00e9e ou vendue sur un support quelconque \u00e0 des tiers. Seule l&rsquo;hypoth\u00e8se du rachat du site\u00a0<a href=\"http:\/\/www.open2be.com\/\" target=\"_blank\" rel=\"noopener noreferrer\">www.open2be.com<\/a> \u00e0 le propri\u00e9taire du site et de ses droits permettrait la transmission des dites informations \u00e0 l&rsquo;\u00e9ventuel acqu\u00e9reur qui serait \u00e0 son tour tenu de la m\u00eame obligation de conservation et de modification des donn\u00e9es vis \u00e0 vis de l&rsquo;utilisateur du site\u00a0<a href=\"http:\/\/www.open2be.com\/\" target=\"_blank\" rel=\"noopener noreferrer\">www.open2be.com<\/a>.<\/p>\n<p>Les bases de donn\u00e9es sont prot\u00e9g\u00e9es par les dispositions de la loi du 1er juillet 1998 transposant la directive 96\/9 du 11 mars 1996 relative \u00e0 la protection juridique des bases de donn\u00e9es.<\/p>\n\n\t\t<\/div>\n\t<\/div>\n<\/div><\/div><\/div><\/div>\n<\/section>","protected":false},"excerpt":{"rendered":"...","protected":false},"author":1,"featured_media":0,"parent":0,"menu_order":0,"comment_status":"closed","ping_status":"open","template":"","meta":{"_acf_changed":false,"footnotes":""},"acf":[],"yoast_head":"<!-- This site is optimized with the Yoast SEO plugin v23.0 - https:\/\/yoast.com\/wordpress\/plugins\/seo\/ -->\n<title>Mentions l\u00e9gales - Open2be<\/title>\n<meta name=\"robots\" content=\"noindex, nofollow\" \/>\n<meta property=\"og:locale\" content=\"en_US\" \/>\n<meta property=\"og:type\" content=\"article\" \/>\n<meta property=\"og:title\" content=\"Mentions l\u00e9gales - Open2be\" \/>\n<meta property=\"og:url\" content=\"https:\/\/dev.open2be.com\/en\/mentions-legales\/\" \/>\n<meta property=\"og:site_name\" content=\"Open2be\" \/>\n<meta property=\"article:modified_time\" content=\"2020-05-28T13:25:14+00:00\" \/>\n<meta property=\"og:image\" content=\"https:\/\/dev.open2be.com\/wp-content\/uploads\/2024\/07\/cropped-logo-open2be.webp\" \/>\n\t<meta property=\"og:image:width\" content=\"190\" \/>\n\t<meta property=\"og:image:height\" content=\"45\" \/>\n\t<meta property=\"og:image:type\" content=\"image\/webp\" \/>\n<meta name=\"twitter:card\" content=\"summary_large_image\" \/>\n<meta name=\"twitter:label1\" content=\"Est. reading time\" \/>\n\t<meta name=\"twitter:data1\" content=\"6 minutes\" \/>\n<script type=\"application\/ld+json\" class=\"yoast-schema-graph\">{\"@context\":\"https:\/\/schema.org\",\"@graph\":[{\"@type\":\"WebPage\",\"@id\":\"https:\/\/dev.open2be.com\/mentions-legales\/\",\"url\":\"https:\/\/dev.open2be.com\/mentions-legales\/\",\"name\":\"Mentions l\u00e9gales - Open2be\",\"isPartOf\":{\"@id\":\"https:\/\/dev.open2be.com\/#website\"},\"datePublished\":\"2019-08-05T18:43:42+00:00\",\"dateModified\":\"2020-05-28T13:25:14+00:00\",\"breadcrumb\":{\"@id\":\"https:\/\/dev.open2be.com\/mentions-legales\/#breadcrumb\"},\"inLanguage\":\"en-US\",\"potentialAction\":[{\"@type\":\"ReadAction\",\"target\":[\"https:\/\/dev.open2be.com\/mentions-legales\/\"]}]},{\"@type\":\"BreadcrumbList\",\"@id\":\"https:\/\/dev.open2be.com\/mentions-legales\/#breadcrumb\",\"itemListElement\":[{\"@type\":\"ListItem\",\"position\":1,\"name\":\"Accueil\",\"item\":\"https:\/\/dev.open2be.com\/\"},{\"@type\":\"ListItem\",\"position\":2,\"name\":\"Mentions l\u00e9gales\"}]},{\"@type\":\"WebSite\",\"@id\":\"https:\/\/dev.open2be.com\/#website\",\"url\":\"https:\/\/dev.open2be.com\/\",\"name\":\"Open2be\",\"description\":\"D\u00e9veloppement d\u2019Applications, Plateformes Web,Fintech &amp; Intelligence Artificielle\",\"publisher\":{\"@id\":\"https:\/\/dev.open2be.com\/#organization\"},\"potentialAction\":[{\"@type\":\"SearchAction\",\"target\":{\"@type\":\"EntryPoint\",\"urlTemplate\":\"https:\/\/dev.open2be.com\/?s={search_term_string}\"},\"query-input\":\"required name=search_term_string\"}],\"inLanguage\":\"en-US\"},{\"@type\":\"Organization\",\"@id\":\"https:\/\/dev.open2be.com\/#organization\",\"name\":\"Open2be\",\"url\":\"https:\/\/dev.open2be.com\/\",\"logo\":{\"@type\":\"ImageObject\",\"inLanguage\":\"en-US\",\"@id\":\"https:\/\/dev.open2be.com\/#\/schema\/logo\/image\/\",\"url\":\"https:\/\/i0.wp.com\/dev.open2be.com\/wp-content\/uploads\/2020\/09\/logb.png?fit=1200%2C630&ssl=1\",\"contentUrl\":\"https:\/\/i0.wp.com\/dev.open2be.com\/wp-content\/uploads\/2020\/09\/logb.png?fit=1200%2C630&ssl=1\",\"width\":1200,\"height\":630,\"caption\":\"Open2be\"},\"image\":{\"@id\":\"https:\/\/dev.open2be.com\/#\/schema\/logo\/image\/\"}}]}<\/script>\n<!-- \/ Yoast SEO plugin. -->","yoast_head_json":{"title":"Mentions l\u00e9gales - Open2be","robots":{"index":"noindex","follow":"nofollow"},"og_locale":"en_US","og_type":"article","og_title":"Mentions l\u00e9gales - Open2be","og_url":"https:\/\/dev.open2be.com\/en\/mentions-legales\/","og_site_name":"Open2be","article_modified_time":"2020-05-28T13:25:14+00:00","og_image":[{"width":190,"height":45,"url":"https:\/\/dev.open2be.com\/wp-content\/uploads\/2024\/07\/cropped-logo-open2be.webp","type":"image\/webp"}],"twitter_card":"summary_large_image","twitter_misc":{"Est. reading time":"6 minutes"},"schema":{"@context":"https:\/\/schema.org","@graph":[{"@type":"WebPage","@id":"https:\/\/dev.open2be.com\/mentions-legales\/","url":"https:\/\/dev.open2be.com\/mentions-legales\/","name":"Mentions l\u00e9gales - Open2be","isPartOf":{"@id":"https:\/\/dev.open2be.com\/#website"},"datePublished":"2019-08-05T18:43:42+00:00","dateModified":"2020-05-28T13:25:14+00:00","breadcrumb":{"@id":"https:\/\/dev.open2be.com\/mentions-legales\/#breadcrumb"},"inLanguage":"en-US","potentialAction":[{"@type":"ReadAction","target":["https:\/\/dev.open2be.com\/mentions-legales\/"]}]},{"@type":"BreadcrumbList","@id":"https:\/\/dev.open2be.com\/mentions-legales\/#breadcrumb","itemListElement":[{"@type":"ListItem","position":1,"name":"Accueil","item":"https:\/\/dev.open2be.com\/"},{"@type":"ListItem","position":2,"name":"Mentions l\u00e9gales"}]},{"@type":"WebSite","@id":"https:\/\/dev.open2be.com\/#website","url":"https:\/\/dev.open2be.com\/","name":"Open2be","description":"D\u00e9veloppement d\u2019Applications, Plateformes Web,Fintech &amp; Intelligence Artificielle","publisher":{"@id":"https:\/\/dev.open2be.com\/#organization"},"potentialAction":[{"@type":"SearchAction","target":{"@type":"EntryPoint","urlTemplate":"https:\/\/dev.open2be.com\/?s={search_term_string}"},"query-input":"required name=search_term_string"}],"inLanguage":"en-US"},{"@type":"Organization","@id":"https:\/\/dev.open2be.com\/#organization","name":"Open2be","url":"https:\/\/dev.open2be.com\/","logo":{"@type":"ImageObject","inLanguage":"en-US","@id":"https:\/\/dev.open2be.com\/#\/schema\/logo\/image\/","url":"https:\/\/i0.wp.com\/dev.open2be.com\/wp-content\/uploads\/2020\/09\/logb.png?fit=1200%2C630&ssl=1","contentUrl":"https:\/\/i0.wp.com\/dev.open2be.com\/wp-content\/uploads\/2020\/09\/logb.png?fit=1200%2C630&ssl=1","width":1200,"height":630,"caption":"Open2be"},"image":{"@id":"https:\/\/dev.open2be.com\/#\/schema\/logo\/image\/"}}]}},"_links":{"self":[{"href":"https:\/\/dev.open2be.com\/en\/wp-json\/wp\/v2\/pages\/3"}],"collection":[{"href":"https:\/\/dev.open2be.com\/en\/wp-json\/wp\/v2\/pages"}],"about":[{"href":"https:\/\/dev.open2be.com\/en\/wp-json\/wp\/v2\/types\/page"}],"author":[{"embeddable":true,"href":"https:\/\/dev.open2be.com\/en\/wp-json\/wp\/v2\/users\/1"}],"replies":[{"embeddable":true,"href":"https:\/\/dev.open2be.com\/en\/wp-json\/wp\/v2\/comments?post=3"}],"version-history":[{"count":0,"href":"https:\/\/dev.open2be.com\/en\/wp-json\/wp\/v2\/pages\/3\/revisions"}],"wp:attachment":[{"href":"https:\/\/dev.open2be.com\/en\/wp-json\/wp\/v2\/media?parent=3"}],"curies":[{"name":"wp","href":"https:\/\/api.w.org\/{rel}","templated":true}]}}