{"id":10885,"date":"2020-05-26T15:51:58","date_gmt":"2020-05-26T13:51:58","guid":{"rendered":"http:\/\/www.open2be.com\/?page_id=10885"},"modified":"2023-06-27T16:05:58","modified_gmt":"2023-06-27T14:05:58","slug":"methode-technologique","status":"publish","type":"page","link":"https:\/\/dev.open2be.com\/en\/methode-technologique\/","title":{"rendered":"Our technological method"},"content":{"rendered":"<section class=\"wpb-content-wrapper\"><div data-vc-full-width=\"true\" data-vc-full-width-init=\"false\" class=\"vc_row wpb_row vc_row-fluid wpb_animate_when_almost_visible wpb_fadeIn fadeIn vc_custom_1590499212487 vc_row-has-fill\"><div class=\"wpb_column vc_column_container vc_col-sm-12\"><div class=\"vc_column-inner vc_custom_1583741958984\"><div class=\"wpb_wrapper\">\n\t<div class=\"wpb_text_column wpb_content_element  wpb_animate_when_almost_visible wpb_fadeInDown fadeInDown vc_custom_1590501173700\" >\n\t\t<div class=\"wpb_wrapper\">\n\t\t\t<h1 style=\"text-align: center;\"><span style=\"color: #ffffff; font-size: 30px;\">Our <strong>technological method<\/strong><\/span><\/h1>\n\n\t\t<\/div>\n\t<\/div>\n<\/div><\/div><\/div><\/div><div class=\"vc_row-full-width vc_clearfix\"><\/div><div data-vc-full-width=\"true\" data-vc-full-width-init=\"false\" class=\"vc_row wpb_row vc_row-fluid vc_custom_1591695312919 vc_row-has-fill\"><div class=\"wpb_column vc_column_container vc_col-sm-3\"><div class=\"vc_column-inner\"><div class=\"wpb_wrapper\"><\/div><\/div><\/div><div class=\"wpb_column vc_column_container vc_col-sm-6\"><div class=\"vc_column-inner\"><div class=\"wpb_wrapper\"><div class=\"mgt-promo-block-container wpb_content_element wpb_animate_when_almost_visible wpb_fadeIn fadeIn\"><div class=\"mgt-promo-block-wrapper  mgt-promo-block-shadow mgt-promo-block-hover\"><div class=\"mgt-promo-block-top-image\" data-style=\"background-image: url(https:\/\/dev.open2be.com\/wp-content\/uploads\/2020\/05\/pxfuel.com-32.jpg);height: 180px;background-size: cover;\"><\/div><div  class=\"mgt-promo-block black-text no-darken mgt-promo-block-20180686\" data-style=\"background-color: #ffffff;height: 125px;\"><div class=\"mgt-promo-block-content va-top\"><div class=\"mgt-promo-block-content-inside vc_custom_1684401618717\">\n<h2 style=\"font-size: 24px; text-align: center;\"><span style=\"color: #000000;\">We build your MVP<\/span><\/h2>\n<div class=\"mgt-button-wrapper mgt-button-wrapper-align-center mgt-button-wrapper-display-newline mgt-button-top-margin-false mgt-button-right-margin-false mgt-button-round-edges-small\"><a class=\"btn hvr-grow mgt-button-icon-true mgt-button mgt-style-bordered mgt-size-normal mgt-align-center mgt-display-newline mgt-text-size-normal mgt-button-icon-separator-true mgt-button-icon-position-right text-font-weight-default mgt-text-transform-none mgt-button-88315048\" href=\"https:\/\/www.open2be.com\/votre-mvp\/\">Learn more<i class=\"entypo-icon entypo-icon-right-open\"><\/i><\/a><\/div><style scoped='scoped'>.mgt-button-88315048.mgt-button {background-color: #2c5f99!important;}.mgt-button-88315048.mgt-button:hover {background: none!important;background-color: #2c5f99!important;}.mgt-button-88315048.mgt-button {color: #ffffff!important;}.mgt-button-88315048.mgt-button:hover {color: #ffffff!important;} .mgt-button-88315048.mgt-button:before {background: #2c5f99!important;}.mgt-button-88315048.mgt-button.mgt-style-solid:before {background: #2c5f99!important;}.mgt-button-88315048.mgt-button.hvr-sweep-to-right:hover,.mgt-button-88315048.mgt-button.hvr-sweep-to-left:hover,.mgt-button-88315048.mgt-button.hvr-sweep-to-bottom:hover,.mgt-button-88315048.mgt-button.hvr-sweep-to-top:hover,.mgt-button-88315048.mgt-button.hvr-bounce-to-right:hover,.mgt-button-88315048.mgt-button.hvr-bounce-to-left:hover,.mgt-button-88315048.mgt-button.hvr-bounce-to-bottom:hover,.mgt-button-88315048.mgt-button.hvr-bounce-to-top:hover {background: #2c5f99!important;}.mgt-button-88315048.mgt-button.mgt-style-solid-invert.hvr-sweep-to-right:hover,.mgt-button-88315048.mgt-button.mgt-style-solid-invert.hvr-sweep-to-left:hover,.mgt-button-88315048.mgt-button.mgt-style-solid-invert.hvr-sweep-to-bottom:hover,.mgt-button-88315048.mgt-button.mgt-style-solid-invert.hvr-sweep-to-top:hover,.mgt-button-88315048.mgt-button.mgt-style-solid-invert.hvr-bounce-to-right:hover,.mgt-button-88315048.mgt-button.mgt-style-solid-invert.hvr-bounce-to-left:hover,.mgt-button-88315048.mgt-button.mgt-style-solid-invert.hvr-bounce-to-bottom:hover,.mgt-button-88315048.mgt-button.mgt-style-solid-invert.hvr-bounce-to-top:hover {background: #2c5f99!important;}.mgt-button-88315048.mgt-button.mgt-style-borderedblack:before {background: #2c5f99!important;}<\/style><\/div><\/div><\/div><\/div><\/div><\/div><\/div><\/div><div class=\"wpb_column vc_column_container vc_col-sm-3\"><div class=\"vc_column-inner\"><div class=\"wpb_wrapper\"><\/div><\/div><\/div><\/div><div class=\"vc_row-full-width vc_clearfix\"><\/div><div data-vc-full-width=\"true\" data-vc-full-width-init=\"false\" class=\"vc_row wpb_row vc_row-fluid vc_custom_1591695043791 vc_row-has-fill\"><div class=\"wpb_column vc_column_container vc_col-sm-12\"><div class=\"vc_column-inner\"><div class=\"wpb_wrapper\"><div class=\"mgt-header-block clearfix text-left text-black wpb_animate_when_almost_visible wpb_fadeIn fadeIn wpb_content_element  mgt-header-block-style-1 mgt-header-block-fontsize-regular mgt-header-texttransform-none mgt-header-block-5654387  vc_custom_1591695208094\"><h2 class=\"mgt-header-block-title text-font-weight-default\">Blockchain<\/h2><div class=\"mgt-header-line mgt-header-line-margin-small\"><\/div><\/div><style scoped='scoped'>.mgt-header-block-5654387.mgt-header-block .mgt-header-line {background-color: #2f9bea!important;}.mgt-header-block-5654387.mgt-header-block .mgt-header-line {background-color: #2f9bea!important;background: -moz-linear-gradient(left,#2f9bea 0%, #2c5f99 100%)!important;background: -webkit-linear-gradient(left,#2f9bea 0%, #2c5f99 100%)!important;background: linear-gradient(to right,#2f9bea 0%, #2c5f99 100%)!important;filter: progid:DXImageTransform.Microsoft.gradient( startColorstr='#2f9bea', endColorstr='#2c5f99',GradientType=1 )!important;}<\/style><\/div><\/div><\/div><\/div><div class=\"vc_row-full-width vc_clearfix\"><\/div><div data-vc-full-width=\"true\" data-vc-full-width-init=\"false\" class=\"vc_row wpb_row vc_row-fluid vc_custom_1591695082295 vc_row-has-fill\"><div class=\"wpb_column vc_column_container vc_col-sm-4\"><div class=\"vc_column-inner vc_custom_1591695131423\"><div class=\"wpb_wrapper\"><div class=\"mgt-promo-block-container wpb_content_element wpb_animate_when_almost_visible wpb_fadeIn fadeIn\"><div class=\"mgt-promo-block-wrapper  mgt-promo-block-shadow mgt-promo-block-hover\"><div class=\"mgt-promo-block-top-image\" data-style=\"background-image: url(https:\/\/dev.open2be.com\/wp-content\/uploads\/2019\/09\/business-1839876_640.jpg);height: 180px;background-size: cover;\"><\/div><div  class=\"mgt-promo-block black-text no-darken mgt-promo-block-7620534\" data-style=\"background-color: #ffffff;height: 125px;\"><div class=\"mgt-promo-block-content va-top\"><div class=\"mgt-promo-block-content-inside vc_custom_1684401593148\">\n<h2 style=\"font-size: 24px; text-align: center;\"><span style=\"color: #000000;\">Smart Contracts<br \/>\n<\/span><\/h2>\n<div class=\"mgt-button-wrapper mgt-button-wrapper-align-center mgt-button-wrapper-display-newline mgt-button-top-margin-false mgt-button-right-margin-false mgt-button-round-edges-small\"><a class=\"btn hvr-grow mgt-button-icon-true mgt-button mgt-style-bordered mgt-size-normal mgt-align-center mgt-display-newline mgt-text-size-normal mgt-button-icon-separator-true mgt-button-icon-position-right text-font-weight-default mgt-text-transform-none mgt-button-76970521\" href=\"https:\/\/www.open2be.com\/smart-contract\/\">Learn more<i class=\"entypo-icon entypo-icon-right-open\"><\/i><\/a><\/div><style scoped='scoped'>.mgt-button-76970521.mgt-button {background-color: #2c5f99!important;}.mgt-button-76970521.mgt-button:hover {background: none!important;background-color: #2c5f99!important;}.mgt-button-76970521.mgt-button {color: #ffffff!important;}.mgt-button-76970521.mgt-button:hover {color: #ffffff!important;} .mgt-button-76970521.mgt-button:before {background: #2c5f99!important;}.mgt-button-76970521.mgt-button.mgt-style-solid:before {background: #2c5f99!important;}.mgt-button-76970521.mgt-button.hvr-sweep-to-right:hover,.mgt-button-76970521.mgt-button.hvr-sweep-to-left:hover,.mgt-button-76970521.mgt-button.hvr-sweep-to-bottom:hover,.mgt-button-76970521.mgt-button.hvr-sweep-to-top:hover,.mgt-button-76970521.mgt-button.hvr-bounce-to-right:hover,.mgt-button-76970521.mgt-button.hvr-bounce-to-left:hover,.mgt-button-76970521.mgt-button.hvr-bounce-to-bottom:hover,.mgt-button-76970521.mgt-button.hvr-bounce-to-top:hover {background: #2c5f99!important;}.mgt-button-76970521.mgt-button.mgt-style-solid-invert.hvr-sweep-to-right:hover,.mgt-button-76970521.mgt-button.mgt-style-solid-invert.hvr-sweep-to-left:hover,.mgt-button-76970521.mgt-button.mgt-style-solid-invert.hvr-sweep-to-bottom:hover,.mgt-button-76970521.mgt-button.mgt-style-solid-invert.hvr-sweep-to-top:hover,.mgt-button-76970521.mgt-button.mgt-style-solid-invert.hvr-bounce-to-right:hover,.mgt-button-76970521.mgt-button.mgt-style-solid-invert.hvr-bounce-to-left:hover,.mgt-button-76970521.mgt-button.mgt-style-solid-invert.hvr-bounce-to-bottom:hover,.mgt-button-76970521.mgt-button.mgt-style-solid-invert.hvr-bounce-to-top:hover {background: #2c5f99!important;}.mgt-button-76970521.mgt-button.mgt-style-borderedblack:before {background: #2c5f99!important;}<\/style><\/div><\/div><\/div><\/div><\/div><\/div><\/div><\/div><div class=\"wpb_column vc_column_container vc_col-sm-4\"><div class=\"vc_column-inner vc_custom_1591695137070\"><div class=\"wpb_wrapper\"><\/div><\/div><\/div><div class=\"wpb_column vc_column_container vc_col-sm-4\"><div class=\"vc_column-inner\"><div class=\"wpb_wrapper\"><\/div><\/div><\/div><\/div><div class=\"vc_row-full-width vc_clearfix\"><\/div><div data-vc-full-width=\"true\" data-vc-full-width-init=\"false\" class=\"vc_row wpb_row vc_row-fluid block-before-footer vc_custom_1590499188075 vc_row-has-fill\"><div class=\"wpb_column vc_column_container vc_col-sm-12\"><div class=\"vc_column-inner\"><div class=\"wpb_wrapper\">\n\t<div class=\"wpb_text_column wpb_content_element  wpb_animate_when_almost_visible wpb_fadeInDown fadeInDown vc_custom_1580229677803\" >\n\t\t<div class=\"wpb_wrapper\">\n\t\t\t<h2 style=\"text-align: center; font-size: 24px;\"><span style=\"color: #ffffff;\">Would you like to learn more about our solutions for your Blockchain project? <\/span><\/h2>\n\n\t\t<\/div>\n\t<\/div>\n<div class=\"vc_row wpb_row vc_inner vc_row-fluid\"><div class=\"wpb_column vc_column_container vc_col-sm-6\"><div class=\"vc_column-inner\"><div class=\"wpb_wrapper\"><div class=\"mgt-button-wrapper mgt-button-wrapper-align-right mgt-button-wrapper-display-newline mgt-button-top-margin-true mgt-button-right-margin-false mgt-button-round-edges-small  wpb_animate_when_almost_visible wpb_fadeInLeft fadeInLeft\"><a class=\"btn hvr-grow mgt-button-icon-true mgt-button mgt-style-borderedwhite mgt-size-normal mgt-align-right mgt-display-newline mgt-text-size-normal mgt-button-icon-separator-true mgt-button-icon-position-right text-font-weight-default mgt-text-transform-none mgt-button-35287331\" href=\"https:\/\/www.open2be.com\/#contact\">Contact our team now<i class=\"entypo-icon entypo-icon-right-open\"><\/i><\/a><\/div><style scoped='scoped'>.mgt-button-35287331.mgt-button {background-color: #2c5f99!important;}.mgt-button-35287331.mgt-button:hover {background: none!important;background-color: #2c5f99!important;}.mgt-button-35287331.mgt-button {color: #ffffff!important;}.mgt-button-35287331.mgt-button:hover {color: #ffffff!important;} .mgt-button-35287331.mgt-button:before {background: #2c5f99!important;}.mgt-button-35287331.mgt-button.mgt-style-solid:before {background: #2c5f99!important;}.mgt-button-35287331.mgt-button.hvr-sweep-to-right:hover,.mgt-button-35287331.mgt-button.hvr-sweep-to-left:hover,.mgt-button-35287331.mgt-button.hvr-sweep-to-bottom:hover,.mgt-button-35287331.mgt-button.hvr-sweep-to-top:hover,.mgt-button-35287331.mgt-button.hvr-bounce-to-right:hover,.mgt-button-35287331.mgt-button.hvr-bounce-to-left:hover,.mgt-button-35287331.mgt-button.hvr-bounce-to-bottom:hover,.mgt-button-35287331.mgt-button.hvr-bounce-to-top:hover {background: #2c5f99!important;}.mgt-button-35287331.mgt-button.mgt-style-solid-invert.hvr-sweep-to-right:hover,.mgt-button-35287331.mgt-button.mgt-style-solid-invert.hvr-sweep-to-left:hover,.mgt-button-35287331.mgt-button.mgt-style-solid-invert.hvr-sweep-to-bottom:hover,.mgt-button-35287331.mgt-button.mgt-style-solid-invert.hvr-sweep-to-top:hover,.mgt-button-35287331.mgt-button.mgt-style-solid-invert.hvr-bounce-to-right:hover,.mgt-button-35287331.mgt-button.mgt-style-solid-invert.hvr-bounce-to-left:hover,.mgt-button-35287331.mgt-button.mgt-style-solid-invert.hvr-bounce-to-bottom:hover,.mgt-button-35287331.mgt-button.mgt-style-solid-invert.hvr-bounce-to-top:hover {background: #2c5f99!important;}.mgt-button-35287331.mgt-button.mgt-style-borderedblack:before {background: #2c5f99!important;}.mgt-button-35287331.mgt-button {border: 2px solid #2c5f99!important;height: auto;}.mgt-button-35287331.mgt-button:hover {border: 2px solid #2c5f99!important;}<\/style><\/div><\/div><\/div><div class=\"align-left rdv wpb_column vc_column_container vc_col-sm-6\" id=\"rdv-button-container27\"><div class=\"vc_column-inner\"><div class=\"wpb_wrapper\"><div class=\"mgt-button-wrapper mgt-button-wrapper-align-center mgt-button-wrapper-display-newline mgt-button-top-margin-true mgt-button-right-margin-false mgt-button-round-edges-small  wpb_animate_when_almost_visible wpb_fadeInRight fadeInRight\"><a class=\"btn hvr-grow mgt-button-icon-true mgt-button mgt-style-borderedwhite mgt-size-normal mgt-align-center mgt-display-newline mgt-text-size-normal mgt-button-icon-separator-true mgt-button-icon-position-right text-font-weight-default mgt-text-transform-none mgt-button-12937970\" href=\"#\">Book an appointment<i class=\"entypo-icon entypo-icon-right-open\"><\/i><\/a><\/div><style scoped='scoped'>.mgt-button-12937970.mgt-button {background-color: #2c5f99!important;}.mgt-button-12937970.mgt-button:hover {background: none!important;background-color: #2c5f99!important;}.mgt-button-12937970.mgt-button:hover {color: #ffffff!important;} .mgt-button-12937970.mgt-button:before {background: #2c5f99!important;}.mgt-button-12937970.mgt-button.mgt-style-solid:before {background: #2c5f99!important;}.mgt-button-12937970.mgt-button.hvr-sweep-to-right:hover,.mgt-button-12937970.mgt-button.hvr-sweep-to-left:hover,.mgt-button-12937970.mgt-button.hvr-sweep-to-bottom:hover,.mgt-button-12937970.mgt-button.hvr-sweep-to-top:hover,.mgt-button-12937970.mgt-button.hvr-bounce-to-right:hover,.mgt-button-12937970.mgt-button.hvr-bounce-to-left:hover,.mgt-button-12937970.mgt-button.hvr-bounce-to-bottom:hover,.mgt-button-12937970.mgt-button.hvr-bounce-to-top:hover {background: #2c5f99!important;}.mgt-button-12937970.mgt-button.mgt-style-solid-invert.hvr-sweep-to-right:hover,.mgt-button-12937970.mgt-button.mgt-style-solid-invert.hvr-sweep-to-left:hover,.mgt-button-12937970.mgt-button.mgt-style-solid-invert.hvr-sweep-to-bottom:hover,.mgt-button-12937970.mgt-button.mgt-style-solid-invert.hvr-sweep-to-top:hover,.mgt-button-12937970.mgt-button.mgt-style-solid-invert.hvr-bounce-to-right:hover,.mgt-button-12937970.mgt-button.mgt-style-solid-invert.hvr-bounce-to-left:hover,.mgt-button-12937970.mgt-button.mgt-style-solid-invert.hvr-bounce-to-bottom:hover,.mgt-button-12937970.mgt-button.mgt-style-solid-invert.hvr-bounce-to-top:hover {background: #2c5f99!important;}.mgt-button-12937970.mgt-button.mgt-style-borderedblack:before {background: #2c5f99!important;}.mgt-button-12937970.mgt-button {border: 2px solid #2c5f99!important;height: auto;}.mgt-button-12937970.mgt-button:hover {border: 2px solid #2c5f99!important;}<\/style><\/div><\/div><\/div><\/div><\/div><\/div><\/div><\/div><div class=\"vc_row-full-width vc_clearfix\"><\/div>\n<\/section>","protected":false},"excerpt":{"rendered":"...","protected":false},"author":1,"featured_media":0,"parent":0,"menu_order":0,"comment_status":"closed","ping_status":"closed","template":"","meta":{"_acf_changed":false,"footnotes":""},"acf":[],"yoast_head":"<!-- This site is optimized with the Yoast SEO plugin v23.0 - https:\/\/yoast.com\/wordpress\/plugins\/seo\/ -->\n<title>Blockchain development | Innovative projects | Custom solutions<\/title>\n<meta name=\"description\" content=\"Your blockchain-based innovative service or business application. Customized solutions or specific developments.\" \/>\n<meta name=\"robots\" content=\"index, follow, max-snippet:-1, max-image-preview:large, max-video-preview:-1\" \/>\n<link rel=\"canonical\" href=\"https:\/\/dev.open2be.com\/en\/methode-technologique\/\" \/>\n<meta property=\"og:locale\" content=\"en_US\" \/>\n<meta property=\"og:type\" content=\"article\" \/>\n<meta property=\"og:title\" content=\"Blockchain development | Innovative projects | Custom solutions\" \/>\n<meta property=\"og:description\" content=\"Your blockchain-based innovative service or business application. Customized solutions or specific developments.\" \/>\n<meta property=\"og:url\" content=\"https:\/\/dev.open2be.com\/en\/methode-technologique\/\" \/>\n<meta property=\"og:site_name\" content=\"Open2be\" \/>\n<meta property=\"article:modified_time\" content=\"2023-06-27T14:05:58+00:00\" \/>\n<meta property=\"og:image\" content=\"https:\/\/dev.open2be.com\/wp-content\/uploads\/2024\/07\/cropped-logo-open2be.webp\" \/>\n\t<meta property=\"og:image:width\" content=\"190\" \/>\n\t<meta property=\"og:image:height\" content=\"45\" \/>\n\t<meta property=\"og:image:type\" content=\"image\/webp\" \/>\n<meta name=\"twitter:card\" content=\"summary_large_image\" \/>\n<meta name=\"twitter:title\" content=\"Blockchain development | Innovative projects | Custom solutions\" \/>\n<meta name=\"twitter:description\" content=\"Your blockchain-based innovative service or business application. Customized solutions or specific developments.\" \/>\n<meta name=\"twitter:label1\" content=\"Est. reading time\" \/>\n\t<meta name=\"twitter:data1\" content=\"2 minutes\" \/>\n<script type=\"application\/ld+json\" class=\"yoast-schema-graph\">{\"@context\":\"https:\/\/schema.org\",\"@graph\":[{\"@type\":\"WebPage\",\"@id\":\"https:\/\/dev.open2be.com\/methode-technologique\/\",\"url\":\"https:\/\/dev.open2be.com\/methode-technologique\/\",\"name\":\"D\u00e9veloppement Blockchain | Projets innovants | Parlons-en\",\"isPartOf\":{\"@id\":\"https:\/\/dev.open2be.com\/#website\"},\"datePublished\":\"2020-05-26T13:51:58+00:00\",\"dateModified\":\"2023-06-27T14:05:58+00:00\",\"description\":\"Des experts vous aident \u00e0 construire et \u00e0 affiner votre projet Blockchain. Solutions sur mesure cl\u00e9 en main ou d\u00e9veloppements sp\u00e9cifiques.\",\"breadcrumb\":{\"@id\":\"https:\/\/dev.open2be.com\/methode-technologique\/#breadcrumb\"},\"inLanguage\":\"en-US\",\"potentialAction\":[{\"@type\":\"ReadAction\",\"target\":[\"https:\/\/dev.open2be.com\/methode-technologique\/\"]}]},{\"@type\":\"BreadcrumbList\",\"@id\":\"https:\/\/dev.open2be.com\/methode-technologique\/#breadcrumb\",\"itemListElement\":[{\"@type\":\"ListItem\",\"position\":1,\"name\":\"Accueil\",\"item\":\"https:\/\/dev.open2be.com\/\"},{\"@type\":\"ListItem\",\"position\":2,\"name\":\"Notre m\u00e9thode technologique\"}]},{\"@type\":\"WebSite\",\"@id\":\"https:\/\/dev.open2be.com\/#website\",\"url\":\"https:\/\/dev.open2be.com\/\",\"name\":\"Open2be\",\"description\":\"D\u00e9veloppement d\u2019Applications, Plateformes Web,Fintech &amp; Intelligence Artificielle\",\"publisher\":{\"@id\":\"https:\/\/dev.open2be.com\/#organization\"},\"potentialAction\":[{\"@type\":\"SearchAction\",\"target\":{\"@type\":\"EntryPoint\",\"urlTemplate\":\"https:\/\/dev.open2be.com\/?s={search_term_string}\"},\"query-input\":\"required name=search_term_string\"}],\"inLanguage\":\"en-US\"},{\"@type\":\"Organization\",\"@id\":\"https:\/\/dev.open2be.com\/#organization\",\"name\":\"Open2be\",\"url\":\"https:\/\/dev.open2be.com\/\",\"logo\":{\"@type\":\"ImageObject\",\"inLanguage\":\"en-US\",\"@id\":\"https:\/\/dev.open2be.com\/#\/schema\/logo\/image\/\",\"url\":\"https:\/\/i0.wp.com\/dev.open2be.com\/wp-content\/uploads\/2020\/09\/logb.png?fit=1200%2C630&ssl=1\",\"contentUrl\":\"https:\/\/i0.wp.com\/dev.open2be.com\/wp-content\/uploads\/2020\/09\/logb.png?fit=1200%2C630&ssl=1\",\"width\":1200,\"height\":630,\"caption\":\"Open2be\"},\"image\":{\"@id\":\"https:\/\/dev.open2be.com\/#\/schema\/logo\/image\/\"}}]}<\/script>\n<!-- \/ Yoast SEO plugin. -->","yoast_head_json":{"title":"Blockchain development | Innovative projects | Custom solutions","description":"Your blockchain-based innovative service or business application. Customized solutions or specific developments.","robots":{"index":"index","follow":"follow","max-snippet":"max-snippet:-1","max-image-preview":"max-image-preview:large","max-video-preview":"max-video-preview:-1"},"canonical":"https:\/\/dev.open2be.com\/en\/methode-technologique\/","og_locale":"en_US","og_type":"article","og_title":"Blockchain development | Innovative projects | Custom solutions","og_description":"Your blockchain-based innovative service or business application. Customized solutions or specific developments.","og_url":"https:\/\/dev.open2be.com\/en\/methode-technologique\/","og_site_name":"Open2be","article_modified_time":"2023-06-27T14:05:58+00:00","og_image":[{"width":190,"height":45,"url":"https:\/\/dev.open2be.com\/wp-content\/uploads\/2024\/07\/cropped-logo-open2be.webp","type":"image\/webp"}],"twitter_card":"summary_large_image","twitter_title":"Blockchain development | Innovative projects | Custom solutions","twitter_description":"Your blockchain-based innovative service or business application. Customized solutions or specific developments.","twitter_misc":{"Est. reading time":"2 minutes"},"schema":{"@context":"https:\/\/schema.org","@graph":[{"@type":"WebPage","@id":"https:\/\/dev.open2be.com\/methode-technologique\/","url":"https:\/\/dev.open2be.com\/methode-technologique\/","name":"D\u00e9veloppement Blockchain | Projets innovants | Parlons-en","isPartOf":{"@id":"https:\/\/dev.open2be.com\/#website"},"datePublished":"2020-05-26T13:51:58+00:00","dateModified":"2023-06-27T14:05:58+00:00","description":"Des experts vous aident \u00e0 construire et \u00e0 affiner votre projet Blockchain. Solutions sur mesure cl\u00e9 en main ou d\u00e9veloppements sp\u00e9cifiques.","breadcrumb":{"@id":"https:\/\/dev.open2be.com\/methode-technologique\/#breadcrumb"},"inLanguage":"en-US","potentialAction":[{"@type":"ReadAction","target":["https:\/\/dev.open2be.com\/methode-technologique\/"]}]},{"@type":"BreadcrumbList","@id":"https:\/\/dev.open2be.com\/methode-technologique\/#breadcrumb","itemListElement":[{"@type":"ListItem","position":1,"name":"Accueil","item":"https:\/\/dev.open2be.com\/"},{"@type":"ListItem","position":2,"name":"Notre m\u00e9thode technologique"}]},{"@type":"WebSite","@id":"https:\/\/dev.open2be.com\/#website","url":"https:\/\/dev.open2be.com\/","name":"Open2be","description":"D\u00e9veloppement d\u2019Applications, Plateformes Web,Fintech &amp; Intelligence Artificielle","publisher":{"@id":"https:\/\/dev.open2be.com\/#organization"},"potentialAction":[{"@type":"SearchAction","target":{"@type":"EntryPoint","urlTemplate":"https:\/\/dev.open2be.com\/?s={search_term_string}"},"query-input":"required name=search_term_string"}],"inLanguage":"en-US"},{"@type":"Organization","@id":"https:\/\/dev.open2be.com\/#organization","name":"Open2be","url":"https:\/\/dev.open2be.com\/","logo":{"@type":"ImageObject","inLanguage":"en-US","@id":"https:\/\/dev.open2be.com\/#\/schema\/logo\/image\/","url":"https:\/\/i0.wp.com\/dev.open2be.com\/wp-content\/uploads\/2020\/09\/logb.png?fit=1200%2C630&ssl=1","contentUrl":"https:\/\/i0.wp.com\/dev.open2be.com\/wp-content\/uploads\/2020\/09\/logb.png?fit=1200%2C630&ssl=1","width":1200,"height":630,"caption":"Open2be"},"image":{"@id":"https:\/\/dev.open2be.com\/#\/schema\/logo\/image\/"}}]}},"_links":{"self":[{"href":"https:\/\/dev.open2be.com\/en\/wp-json\/wp\/v2\/pages\/10885"}],"collection":[{"href":"https:\/\/dev.open2be.com\/en\/wp-json\/wp\/v2\/pages"}],"about":[{"href":"https:\/\/dev.open2be.com\/en\/wp-json\/wp\/v2\/types\/page"}],"author":[{"embeddable":true,"href":"https:\/\/dev.open2be.com\/en\/wp-json\/wp\/v2\/users\/1"}],"replies":[{"embeddable":true,"href":"https:\/\/dev.open2be.com\/en\/wp-json\/wp\/v2\/comments?post=10885"}],"version-history":[{"count":3,"href":"https:\/\/dev.open2be.com\/en\/wp-json\/wp\/v2\/pages\/10885\/revisions"}],"predecessor-version":[{"id":212290,"href":"https:\/\/dev.open2be.com\/en\/wp-json\/wp\/v2\/pages\/10885\/revisions\/212290"}],"wp:attachment":[{"href":"https:\/\/dev.open2be.com\/en\/wp-json\/wp\/v2\/media?parent=10885"}],"curies":[{"name":"wp","href":"https:\/\/api.w.org\/{rel}","templated":true}]}}